{"id":2915,"date":"2025-11-24T08:06:05","date_gmt":"2025-11-24T08:06:05","guid":{"rendered":"https:\/\/platformexpand.com\/dai-dien-thuong-mai\/"},"modified":"2026-01-14T07:40:01","modified_gmt":"2026-01-14T07:40:01","slug":"dai-dien-thuong-mai","status":"publish","type":"page","link":"https:\/\/platformexpand.com\/vi\/dai-dien-thuong-mai\/","title":{"rendered":"\u0110\u1ea1i di\u1ec7n th\u01b0\u01a1ng m\u1ea1i"},"content":{"rendered":"<p>[et_pb_section fb_built=&#8221;1&#8243; _builder_version=&#8221;4.27.4&#8243; _module_preset=&#8221;default&#8221; background_color=&#8221;#137dc5&#8243; da_disable_devices=&#8221;off|off|off&#8221; global_colors_info=&#8221;{}&#8221; da_is_popup=&#8221;off&#8221; da_exit_intent=&#8221;off&#8221; da_has_close=&#8221;on&#8221; da_alt_close=&#8221;off&#8221; da_dark_close=&#8221;off&#8221; da_not_modal=&#8221;on&#8221; da_is_singular=&#8221;off&#8221; da_with_loader=&#8221;off&#8221; da_has_shadow=&#8221;on&#8221;][et_pb_row _builder_version=&#8221;4.27.4&#8243; _module_preset=&#8221;default&#8221; global_colors_info=&#8221;{}&#8221;][et_pb_column type=&#8221;4_4&#8243; _builder_version=&#8221;4.27.4&#8243; _module_preset=&#8221;default&#8221; global_colors_info=&#8221;{}&#8221;][et_pb_text _builder_version=&#8221;4.27.4&#8243; _module_preset=&#8221;default&#8221; header_text_color=&#8221;#FFFFFF&#8221; global_colors_info=&#8221;{}&#8221;]<\/p>\n<h1>\u0110\u1ea1i di\u1ec7n th\u01b0\u01a1ng m\u1ea1i<\/h1>\n<p>[\/et_pb_text][\/et_pb_column][\/et_pb_row][\/et_pb_section][et_pb_section fb_built=&#8221;1&#8243; _builder_version=&#8221;4.27.4&#8243; _module_preset=&#8221;default&#8221; da_disable_devices=&#8221;off|off|off&#8221; global_colors_info=&#8221;{}&#8221; da_is_popup=&#8221;off&#8221; da_exit_intent=&#8221;off&#8221; da_has_close=&#8221;on&#8221; da_alt_close=&#8221;off&#8221; da_dark_close=&#8221;off&#8221; da_not_modal=&#8221;on&#8221; da_is_singular=&#8221;off&#8221; da_with_loader=&#8221;off&#8221; da_has_shadow=&#8221;on&#8221;][et_pb_row _builder_version=&#8221;4.27.4&#8243; _module_preset=&#8221;default&#8221; global_colors_info=&#8221;{}&#8221;][et_pb_column type=&#8221;4_4&#8243; _builder_version=&#8221;4.27.4&#8243; _module_preset=&#8221;default&#8221; global_colors_info=&#8221;{}&#8221;][et_pb_text _builder_version=&#8221;4.27.4&#8243; _module_preset=&#8221;default&#8221; header_2_font=&#8221;&#8211;et_global_heading_font||||||||&#8221; header_2_text_color=&#8221;#FFFFFF&#8221; background_color=&#8221;#137dc5&#8243; global_colors_info=&#8221;{}&#8221;]<\/p>\n<h2>V\u1ec1 G\u00f3i \u0110\u1ea1i Di\u1ec7n Th\u01b0\u01a1ng M\u1ea1i<\/h2>\n<p>[\/et_pb_text][\/et_pb_column][\/et_pb_row][et_pb_row _builder_version=&#8221;4.27.4&#8243; _module_preset=&#8221;default&#8221; custom_padding=&#8221;0px|||||&#8221; global_colors_info=&#8221;{}&#8221;][et_pb_column type=&#8221;4_4&#8243; _builder_version=&#8221;4.27.4&#8243; _module_preset=&#8221;default&#8221; global_colors_info=&#8221;{}&#8221;][et_pb_text _builder_version=&#8221;4.27.4&#8243; _module_preset=&#8221;default&#8221; text_font=&#8221;&#8211;et_global_body_font||||||||&#8221; text_text_color=&#8221;#000000&#8243; text_font_size=&#8221;16px&#8221; global_colors_info=&#8221;{}&#8221;]<\/p>\n<p>Platform Expand gi\u1edbi thi\u1ec7u G\u00f3i \u0110\u1ea1i Di\u1ec7n Th\u01b0\u01a1ng M\u1ea1i d\u00e0nh cho c\u00e1c doanh nghi\u1ec7p mu\u1ed1n b\u1eaft \u0111\u1ea7u h\u00e0nh tr\u00ecnh th\u01b0\u01a1ng m\u1ea1i \u0111\u1ebfn v\u00e0 t\u1eeb Canada. M\u1ed9t \u0111\u1ea1i di\u1ec7n th\u01b0\u01a1ng m\u1ea1i l\u00e0 s\u1ef1 hi\u1ec7n di\u1ec7n \u0111\u1ecba ph\u01b0\u01a1ng \u0111\u00e1ng tin c\u1eady v\u00e0 \u0111\u00e1ng tin c\u1eady, cho ph\u00e9p th\u00e2m nh\u1eadp v\u00e0 ph\u00e1t tri\u1ec3n trong th\u1ecb tr\u01b0\u1eddng Canada. Platform Expand gi\u00fap b\u1ea1n qu\u1ea3n l\u00fd v\u00e0 giao ti\u1ebfp v\u1edbi ng\u01b0\u1eddi mua v\u00e0 \u0111\u1ed1i t\u00e1c, t\u1ea1o \u0111i\u1ec1u ki\u1ec7n cho c\u00e1c ho\u1ea1t \u0111\u1ed9ng th\u01b0\u01a1ng m\u1ea1i v\u00e0 c\u1eadp nh\u1eadt th\u00f4ng tin th\u1ecb tr\u01b0\u1eddng theo th\u1eddi gian th\u1ef1c. V\u1edbi Platform Expand, b\u1ea1n c\u00f3 th\u1ec3 m\u1edf r\u1ed9ng d\u1ea5u ch\u00e2n kinh doanh, x\u00e2y d\u1ef1ng m\u1ed1i quan h\u1ec7 tin c\u1eady v\u00e0 ho\u1ea1t \u0111\u1ed9ng li\u1ec1n m\u1ea1ch qua bi\u00ean gi\u1edbi, gi\u1ea3m thi\u1ec3u th\u00e1ch th\u1ee9c trong th\u1ecb tr\u01b0\u1eddng Canada v\u00e0 qu\u1ed1c t\u1ebf.   <\/p>\n<p>[\/et_pb_text][\/et_pb_column][\/et_pb_row][et_pb_row _builder_version=&#8221;4.27.4&#8243; _module_preset=&#8221;default&#8221; global_colors_info=&#8221;{}&#8221;][et_pb_column type=&#8221;4_4&#8243; _builder_version=&#8221;4.27.4&#8243; _module_preset=&#8221;default&#8221; global_colors_info=&#8221;{}&#8221;][et_pb_text _builder_version=&#8221;4.27.4&#8243; _module_preset=&#8221;default&#8221; header_2_font=&#8221;&#8211;et_global_heading_font||||||||&#8221; header_2_text_color=&#8221;#FFFFFF&#8221; background_color=&#8221;#137dc5&#8243; hover_enabled=&#8221;0&#8243; global_colors_info=&#8221;{}&#8221; sticky_enabled=&#8221;0&#8243;]<\/p>\n<h2>D\u1ecbch V\u1ee5<\/h2>\n<p>[\/et_pb_text][et_pb_text _builder_version=&#8221;4.27.4&#8243; _module_preset=&#8221;default&#8221; hover_enabled=&#8221;0&#8243; sticky_enabled=&#8221;0&#8243; inline_fonts=&#8221;ABeeZee,adineuepro bold&#8221; content_last_edited=&#8221;on|phone&#8221; content_tablet=&#8221;<\/p>\n<h2><span style=%22font-family: &apos;adineuepro bold&apos;; font-weight: normal;%22>D\u1ecbch v\u1ee5 Qu\u1ea3n l\u00fd Ho\u1ea1t \u0111\u1ed9ng &#8211; G\u00f3i c\u01a1 b\u1ea3n <strong>m\u1ed7i th\u00e1ng<\/strong><\/span><\/h2>\n<p>&#8221; content_phone=&#8221;<\/p>\n<h2><span style=%22font-family: &apos;adineuepro bold&apos;; font-weight: normal;%22>D\u1ecbch v\u1ee5 Qu\u1ea3n l\u00fd Ho\u1ea1t \u0111\u1ed9ng &#8211; G\u00f3i c\u01a1 b\u1ea3n <strong>m\u1ed7i th\u00e1ng<\/strong><\/span><\/h2>\n<p>&#8220;]<\/p>\n<h2><span style=\"font-family: 'adineuepro bold'; font-weight: normal;\">D\u1ecbch v\u1ee5 Qu\u1ea3n l\u00fd Ho\u1ea1t \u0111\u1ed9ng &#8211; G\u00f3i c\u01a1 b\u1ea3n <strong>m\u1ed7i th\u00e1ng<\/strong><\/span><\/h2>\n<p>[\/et_pb_text][et_pb_text content_tablet=&#8221;<\/p>\n<table border=%221%22 style=%22border-collapse: collapse; width: 0%;%22 height=%22732%22>\n<tbody>\n<tr>\n<td style=%22width: 57.5439%;%22>\n<h2>Bao G\u1ed3m Nh\u1eefng G\u00ec?<\/h2>\n<\/td>\n<td style=%22width: 4.56141%;%22>\n<h2>Gi\u00e1 (t\u00ednh b\u1eb1ng CAD, ch\u01b0a bao g\u1ed3m GST\/HST)\/th\u00e1ng<\/h2>\n<\/td>\n<\/tr>\n<tr>\n<td style=%22width: 57.5439%;%22>\n<ul>\n<li>Qu\u1ea3n l\u00fd k\u00eanh truy\u1ec1n th\u00f4ng x\u00e3 h\u1ed9i c\u1ee7a c\u00f4ng ty kh\u1edfi nghi\u1ec7p<\/li>\n<li>T\u00ecm ki\u1ebfm &amp; K\u1ebft n\u1ed1i v\u1edbi kh\u00e1ch h\u00e0ng<\/li>\n<li>\u0110\u0103ng &amp; Tuy\u1ec3n d\u1ee5ng, Qu\u1ea3n l\u00fd ngu\u1ed3n nh\u00e2n l\u1ef1c Canada<\/li>\n<li>\u0110\u1ea1i di\u1ec7n gi\u1edbi thi\u1ec7u d\u1ecbch v\u1ee5 v\u00e0 tham gia s\u1ef1 ki\u1ec7n doanh nghi\u1ec7p<\/li>\n<\/ul>\n<\/td>\n<td style=%22width: 4.56141%;%22>\n<p>Ch\u1ec9 t\u1eeb $1.990\/th\u00e1ng<\/p>\n<p><strong>*H\u1ee3p \u0111\u1ed3ng t\u1ed1i thi\u1ec3u 3 th\u00e1ng<\/strong><br \/><strong>** B\u00e1o gi\u00e1 chi ti\u1ebft sau khi th\u1ea3o lu\u1eadn<\/strong><\/p>\n<\/td>\n<\/tr>\n<\/tbody>\n<\/table>\n<p>&#8221; content_phone=&#8221;<\/p>\n<table border=%221%22 style=%22border-collapse: collapse; width: 0%;%22 height=%22633%22>\n<tbody>\n<tr>\n<td style=%22width: 88.2871%;%22>\n<h2>Bao g\u1ed3m nh\u1eefng g\u00ec?<\/h2>\n<\/td>\n<td style=%22width: 9.12162%;%22>\n<h2>Gi\u00e1 (t\u00ednh b\u1eb1ng CAD, ch\u01b0a bao g\u1ed3m GST\/HST) \/th\u00e1ng<\/h2>\n<\/td>\n<\/tr>\n<tr>\n<td style=%22width: 88.2871%;%22>\n<ul>\n<li>Qu\u1ea3n l\u00fd k\u00eanh truy\u1ec1n th\u00f4ng x\u00e3 h\u1ed9i c\u1ee7a c\u00f4ng ty kh\u1edfi nghi\u1ec7p<\/li>\n<li>T\u00ecm ki\u1ebfm &amp; K\u1ebft n\u1ed1i v\u1edbi kh\u00e1ch h\u00e0ng<\/li>\n<li>\u0110\u0103ng &amp; Tuy\u1ec3n d\u1ee5ng, Qu\u1ea3n l\u00fd ngu\u1ed3n nh\u00e2n l\u1ef1c Canada<\/li>\n<li>\u0110\u1ea1i di\u1ec7n gi\u1edbi thi\u1ec7u d\u1ecbch v\u1ee5 v\u00e0 tham gia s\u1ef1 ki\u1ec7n doanh nghi\u1ec7p<\/li>\n<\/ul>\n<\/td>\n<td style=%22width: 9.12162%;%22>\n<p>Ch\u1ec9 t\u1eeb $1.990\/th\u00e1ng<\/p>\n<p><strong>*H\u1ee3p \u0111\u1ed3ng t\u1ed1i thi\u1ec3u 3 th\u00e1ng<\/strong><br \/><strong>** B\u00e1o gi\u00e1 chi ti\u1ebft sau khi th\u1ea3o lu\u1eadn<\/strong><\/p>\n<\/td>\n<\/tr>\n<\/tbody>\n<\/table>\n<p>&#8221; content_last_edited=&#8221;on|phone&#8221; _builder_version=&#8221;4.27.4&#8243; _module_preset=&#8221;default&#8221; text_text_color=&#8221;#000000&#8243; text_font_size=&#8221;16px&#8221; header_2_font_size=&#8221;19px&#8221; module_alignment=&#8221;center&#8221; hover_enabled=&#8221;0&#8243; text_font_size_tablet=&#8221;16px&#8221; text_font_size_phone=&#8221;14px&#8221; text_font_size_last_edited=&#8221;on|desktop&#8221; global_colors_info=&#8221;{}&#8221; sticky_enabled=&#8221;0&#8243;]<\/p>\n<table border=\"1\" style=\"border-collapse: collapse; width: 0%; height: 376px;\" height=\"670\">\n<tbody>\n<tr style=\"height: 157px;\">\n<td style=\"width: 140.739%; height: 90px;\">\n<h2>Bao G\u1ed3m Nh\u1eefng G\u00ec?<\/h2>\n<\/td>\n<td style=\"width: 25.3443%; height: 90px;\">\n<h2>Gi\u00e1 (t\u00ednh b\u1eb1ng CAD, ch\u01b0a bao g\u1ed3m GST\/HST) \/th\u00e1ng<\/h2>\n<\/td>\n<\/tr>\n<tr style=\"height: 421px;\">\n<td style=\"width: 140.739%; height: 286px;\">\n<ul>\n<li>Qu\u1ea3n l\u00fd k\u00eanh truy\u1ec1n th\u00f4ng x\u00e3 h\u1ed9i c\u1ee7a c\u00f4ng ty kh\u1edfi nghi\u1ec7p<\/li>\n<li>T\u00ecm ki\u1ebfm &amp; K\u1ebft n\u1ed1i v\u1edbi kh\u00e1ch h\u00e0ng<\/li>\n<li>\u0110\u0103ng &amp; Tuy\u1ec3n d\u1ee5ng, Qu\u1ea3n l\u00fd ngu\u1ed3n nh\u00e2n l\u1ef1c Canada<\/li>\n<li>\u0110\u1ea1i di\u1ec7n gi\u1edbi thi\u1ec7u d\u1ecbch v\u1ee5 v\u00e0 tham gia s\u1ef1 ki\u1ec7n doanh nghi\u1ec7p<\/li>\n<\/ul>\n<\/td>\n<td style=\"width: 25.3443%; height: 286px;\">\n<p>Ch\u1ec9 t\u1eeb $1.990\/th\u00e1ng<\/p>\n<p><strong>*H\u1ee3p \u0111\u1ed3ng t\u1ed1i thi\u1ec3u 3 th\u00e1ng<\/strong><br \/><strong>** B\u00e1o gi\u00e1 chi ti\u1ebft sau khi th\u1ea3o lu\u1eadn<\/strong><\/p>\n<\/td>\n<\/tr>\n<\/tbody>\n<\/table>\n<p>[\/et_pb_text][\/et_pb_column][\/et_pb_row][et_pb_row _builder_version=&#8221;4.27.4&#8243; _module_preset=&#8221;default&#8221; custom_padding=&#8221;0px|||||&#8221; global_colors_info=&#8221;{}&#8221;][et_pb_column type=&#8221;4_4&#8243; _builder_version=&#8221;4.27.4&#8243; _module_preset=&#8221;default&#8221; global_colors_info=&#8221;{}&#8221;][et_pb_text _builder_version=&#8221;4.27.4&#8243; _module_preset=&#8221;default&#8221; header_4_font=&#8221;&#8211;et_global_body_font||||||||&#8221; header_4_text_color=&#8221;#000000&#8243; global_colors_info=&#8221;{}&#8221;]<\/p>\n<div class=\"et_pb_module et_pb_text et_pb_text_21 et_pb_text_align_left et_pb_bg_layout_light\">\n<div class=\"et_pb_text_inner\">\n<h4><span>Gi\u00e1: \u0110\u00e3 bao g\u1ed3m ph\u00ed ch\u00ednh ph\u1ee7 v\u00e0 \u0111\u0103ng k\u00fd<\/span><\/h4>\n<\/div>\n<\/div>\n<p>[\/et_pb_text][\/et_pb_column][\/et_pb_row][et_pb_row _builder_version=&#8221;4.27.4&#8243; _module_preset=&#8221;default&#8221; custom_padding=&#8221;0px|||||&#8221; global_colors_info=&#8221;{}&#8221;][et_pb_column type=&#8221;4_4&#8243; _builder_version=&#8221;4.27.4&#8243; _module_preset=&#8221;default&#8221; global_colors_info=&#8221;{}&#8221;][et_pb_button button_url=&#8221;https:\/\/platformexpand.com\/vi\/dat-lich-tu-van\/&#8221; url_new_window=&#8221;on&#8221; button_text=&#8221;\u0110\u1eb7t l\u1ecbch t\u01b0 v\u1ea5n mi\u1ec5n ph\u00ed&#8221; button_alignment=&#8221;center&#8221; _builder_version=&#8221;4.27.4&#8243; _module_preset=&#8221;default&#8221; custom_button=&#8221;on&#8221; button_text_size=&#8221;25px&#8221; button_text_color=&#8221;#FFFFFF&#8221; button_bg_color=&#8221;#137dc5&#8243; button_border_radius=&#8221;5px&#8221; button_font=&#8221;adineuepro bold||||||||&#8221; button_icon=&#8221;&#x39;||divi||400&#8243; button_icon_color=&#8221;#FFFFFF&#8221; global_colors_info=&#8221;{}&#8221;][\/et_pb_button][\/et_pb_column][\/et_pb_row][\/et_pb_section]<\/p>\n","protected":false},"excerpt":{"rendered":"<p>\u0110\u1ea1i di\u1ec7n th\u01b0\u01a1ng m\u1ea1iV\u1ec1 G\u00f3i \u0110\u1ea1i Di\u1ec7n Th\u01b0\u01a1ng M\u1ea1iPlatform Expand gi\u1edbi thi\u1ec7u G\u00f3i \u0110\u1ea1i Di\u1ec7n Th\u01b0\u01a1ng M\u1ea1i d\u00e0nh cho c\u00e1c doanh nghi\u1ec7p mu\u1ed1n b\u1eaft \u0111\u1ea7u h\u00e0nh tr\u00ecnh th\u01b0\u01a1ng m\u1ea1i \u0111\u1ebfn v\u00e0 t\u1eeb Canada. M\u1ed9t \u0111\u1ea1i di\u1ec7n th\u01b0\u01a1ng m\u1ea1i l\u00e0 s\u1ef1 hi\u1ec7n di\u1ec7n \u0111\u1ecba ph\u01b0\u01a1ng \u0111\u00e1ng tin c\u1eady v\u00e0 \u0111\u00e1ng tin c\u1eady, cho ph\u00e9p th\u00e2m nh\u1eadp [&hellip;]<\/p>\n","protected":false},"author":1,"featured_media":0,"parent":0,"menu_order":0,"comment_status":"closed","ping_status":"closed","template":"","meta":{"_et_pb_use_builder":"on","_et_pb_old_content":"","_et_gb_content_width":"","footnotes":""},"class_list":["post-2915","page","type-page","status-publish","hentry"],"yoast_head":"<!-- This site is optimized with the Yoast SEO plugin v25.9 - https:\/\/yoast.com\/wordpress\/plugins\/seo\/ -->\n<title>\u0110\u1ea1i di\u1ec7n th\u01b0\u01a1ng m\u1ea1i - Platform Expand<\/title>\n<meta name=\"robots\" content=\"index, follow, max-snippet:-1, max-image-preview:large, max-video-preview:-1\" \/>\n<link rel=\"canonical\" href=\"https:\/\/platformexpand.com\/vi\/dai-dien-thuong-mai\/\" \/>\n<meta property=\"og:locale\" content=\"vi_VN\" \/>\n<meta property=\"og:type\" content=\"article\" \/>\n<meta property=\"og:title\" content=\"\u0110\u1ea1i di\u1ec7n th\u01b0\u01a1ng m\u1ea1i - Platform Expand\" \/>\n<meta property=\"og:description\" content=\"\u0110\u1ea1i di\u1ec7n th\u01b0\u01a1ng m\u1ea1iV\u1ec1 G\u00f3i \u0110\u1ea1i Di\u1ec7n Th\u01b0\u01a1ng M\u1ea1iPlatform Expand gi\u1edbi thi\u1ec7u G\u00f3i \u0110\u1ea1i Di\u1ec7n Th\u01b0\u01a1ng M\u1ea1i d\u00e0nh cho c\u00e1c doanh nghi\u1ec7p mu\u1ed1n b\u1eaft \u0111\u1ea7u h\u00e0nh tr\u00ecnh th\u01b0\u01a1ng m\u1ea1i \u0111\u1ebfn v\u00e0 t\u1eeb Canada. M\u1ed9t \u0111\u1ea1i di\u1ec7n th\u01b0\u01a1ng m\u1ea1i l\u00e0 s\u1ef1 hi\u1ec7n di\u1ec7n \u0111\u1ecba ph\u01b0\u01a1ng \u0111\u00e1ng tin c\u1eady v\u00e0 \u0111\u00e1ng tin c\u1eady, cho ph\u00e9p th\u00e2m nh\u1eadp [&hellip;]\" \/>\n<meta property=\"og:url\" content=\"https:\/\/platformexpand.com\/vi\/dai-dien-thuong-mai\/\" \/>\n<meta property=\"og:site_name\" content=\"Platform Expand\" \/>\n<meta property=\"article:publisher\" content=\"https:\/\/www.facebook.com\/profile.php?id=61580660486352\" \/>\n<meta property=\"article:modified_time\" content=\"2026-01-14T07:40:01+00:00\" \/>\n<meta name=\"twitter:card\" content=\"summary_large_image\" \/>\n<meta name=\"twitter:site\" content=\"@ExpandP89764\" \/>\n<meta name=\"twitter:label1\" content=\"\u01af\u1edbc t\u00ednh th\u1eddi gian \u0111\u1ecdc\" \/>\n\t<meta name=\"twitter:data1\" content=\"6 ph\u00fat\" \/>\n<script type=\"application\/ld+json\" class=\"yoast-schema-graph\">{\"@context\":\"https:\/\/schema.org\",\"@graph\":[{\"@type\":\"WebPage\",\"@id\":\"https:\/\/platformexpand.com\/vi\/dai-dien-thuong-mai\/\",\"url\":\"https:\/\/platformexpand.com\/vi\/dai-dien-thuong-mai\/\",\"name\":\"\u0110\u1ea1i di\u1ec7n th\u01b0\u01a1ng m\u1ea1i - Platform Expand\",\"isPartOf\":{\"@id\":\"https:\/\/platformexpand.com\/vi\/#website\"},\"datePublished\":\"2025-11-24T08:06:05+00:00\",\"dateModified\":\"2026-01-14T07:40:01+00:00\",\"breadcrumb\":{\"@id\":\"https:\/\/platformexpand.com\/vi\/dai-dien-thuong-mai\/#breadcrumb\"},\"inLanguage\":\"vi\",\"potentialAction\":[{\"@type\":\"ReadAction\",\"target\":[\"https:\/\/platformexpand.com\/vi\/dai-dien-thuong-mai\/\"]}]},{\"@type\":\"BreadcrumbList\",\"@id\":\"https:\/\/platformexpand.com\/vi\/dai-dien-thuong-mai\/#breadcrumb\",\"itemListElement\":[{\"@type\":\"ListItem\",\"position\":1,\"name\":\"Home\",\"item\":\"https:\/\/platformexpand.com\/vi\/mo-rong-kinh-doanh\/\"},{\"@type\":\"ListItem\",\"position\":2,\"name\":\"\u0110\u1ea1i di\u1ec7n th\u01b0\u01a1ng m\u1ea1i\"}]},{\"@type\":\"WebSite\",\"@id\":\"https:\/\/platformexpand.com\/vi\/#website\",\"url\":\"https:\/\/platformexpand.com\/vi\/\",\"name\":\"Platform Expand\",\"description\":\"My WordPress Blog\",\"publisher\":{\"@id\":\"https:\/\/platformexpand.com\/vi\/#organization\"},\"potentialAction\":[{\"@type\":\"SearchAction\",\"target\":{\"@type\":\"EntryPoint\",\"urlTemplate\":\"https:\/\/platformexpand.com\/vi\/?s={search_term_string}\"},\"query-input\":{\"@type\":\"PropertyValueSpecification\",\"valueRequired\":true,\"valueName\":\"search_term_string\"}}],\"inLanguage\":\"vi\"},{\"@type\":\"Organization\",\"@id\":\"https:\/\/platformexpand.com\/vi\/#organization\",\"name\":\"Platform Expand\",\"url\":\"https:\/\/platformexpand.com\/vi\/\",\"logo\":{\"@type\":\"ImageObject\",\"inLanguage\":\"vi\",\"@id\":\"https:\/\/platformexpand.com\/vi\/#\/schema\/logo\/image\/\",\"url\":\"https:\/\/platformexpand.com\/wp-content\/uploads\/2025\/09\/Color-logo-no-background-scaled.png\",\"contentUrl\":\"https:\/\/platformexpand.com\/wp-content\/uploads\/2025\/09\/Color-logo-no-background-scaled.png\",\"width\":2560,\"height\":542,\"caption\":\"Platform Expand\"},\"image\":{\"@id\":\"https:\/\/platformexpand.com\/vi\/#\/schema\/logo\/image\/\"},\"sameAs\":[\"https:\/\/www.facebook.com\/profile.php?id=61580660486352\",\"https:\/\/x.com\/ExpandP89764\",\"https:\/\/www.linkedin.com\/company\/platform-expand-canada\"]}]}<\/script>\n<!-- \/ Yoast SEO plugin. -->","yoast_head_json":{"title":"\u0110\u1ea1i di\u1ec7n th\u01b0\u01a1ng m\u1ea1i - Platform Expand","robots":{"index":"index","follow":"follow","max-snippet":"max-snippet:-1","max-image-preview":"max-image-preview:large","max-video-preview":"max-video-preview:-1"},"canonical":"https:\/\/platformexpand.com\/vi\/dai-dien-thuong-mai\/","og_locale":"vi_VN","og_type":"article","og_title":"\u0110\u1ea1i di\u1ec7n th\u01b0\u01a1ng m\u1ea1i - Platform Expand","og_description":"\u0110\u1ea1i di\u1ec7n th\u01b0\u01a1ng m\u1ea1iV\u1ec1 G\u00f3i \u0110\u1ea1i Di\u1ec7n Th\u01b0\u01a1ng M\u1ea1iPlatform Expand gi\u1edbi thi\u1ec7u G\u00f3i \u0110\u1ea1i Di\u1ec7n Th\u01b0\u01a1ng M\u1ea1i d\u00e0nh cho c\u00e1c doanh nghi\u1ec7p mu\u1ed1n b\u1eaft \u0111\u1ea7u h\u00e0nh tr\u00ecnh th\u01b0\u01a1ng m\u1ea1i \u0111\u1ebfn v\u00e0 t\u1eeb Canada. M\u1ed9t \u0111\u1ea1i di\u1ec7n th\u01b0\u01a1ng m\u1ea1i l\u00e0 s\u1ef1 hi\u1ec7n di\u1ec7n \u0111\u1ecba ph\u01b0\u01a1ng \u0111\u00e1ng tin c\u1eady v\u00e0 \u0111\u00e1ng tin c\u1eady, cho ph\u00e9p th\u00e2m nh\u1eadp [&hellip;]","og_url":"https:\/\/platformexpand.com\/vi\/dai-dien-thuong-mai\/","og_site_name":"Platform Expand","article_publisher":"https:\/\/www.facebook.com\/profile.php?id=61580660486352","article_modified_time":"2026-01-14T07:40:01+00:00","twitter_card":"summary_large_image","twitter_site":"@ExpandP89764","twitter_misc":{"\u01af\u1edbc t\u00ednh th\u1eddi gian \u0111\u1ecdc":"6 ph\u00fat"},"schema":{"@context":"https:\/\/schema.org","@graph":[{"@type":"WebPage","@id":"https:\/\/platformexpand.com\/vi\/dai-dien-thuong-mai\/","url":"https:\/\/platformexpand.com\/vi\/dai-dien-thuong-mai\/","name":"\u0110\u1ea1i di\u1ec7n th\u01b0\u01a1ng m\u1ea1i - Platform Expand","isPartOf":{"@id":"https:\/\/platformexpand.com\/vi\/#website"},"datePublished":"2025-11-24T08:06:05+00:00","dateModified":"2026-01-14T07:40:01+00:00","breadcrumb":{"@id":"https:\/\/platformexpand.com\/vi\/dai-dien-thuong-mai\/#breadcrumb"},"inLanguage":"vi","potentialAction":[{"@type":"ReadAction","target":["https:\/\/platformexpand.com\/vi\/dai-dien-thuong-mai\/"]}]},{"@type":"BreadcrumbList","@id":"https:\/\/platformexpand.com\/vi\/dai-dien-thuong-mai\/#breadcrumb","itemListElement":[{"@type":"ListItem","position":1,"name":"Home","item":"https:\/\/platformexpand.com\/vi\/mo-rong-kinh-doanh\/"},{"@type":"ListItem","position":2,"name":"\u0110\u1ea1i di\u1ec7n th\u01b0\u01a1ng m\u1ea1i"}]},{"@type":"WebSite","@id":"https:\/\/platformexpand.com\/vi\/#website","url":"https:\/\/platformexpand.com\/vi\/","name":"Platform Expand","description":"My WordPress Blog","publisher":{"@id":"https:\/\/platformexpand.com\/vi\/#organization"},"potentialAction":[{"@type":"SearchAction","target":{"@type":"EntryPoint","urlTemplate":"https:\/\/platformexpand.com\/vi\/?s={search_term_string}"},"query-input":{"@type":"PropertyValueSpecification","valueRequired":true,"valueName":"search_term_string"}}],"inLanguage":"vi"},{"@type":"Organization","@id":"https:\/\/platformexpand.com\/vi\/#organization","name":"Platform Expand","url":"https:\/\/platformexpand.com\/vi\/","logo":{"@type":"ImageObject","inLanguage":"vi","@id":"https:\/\/platformexpand.com\/vi\/#\/schema\/logo\/image\/","url":"https:\/\/platformexpand.com\/wp-content\/uploads\/2025\/09\/Color-logo-no-background-scaled.png","contentUrl":"https:\/\/platformexpand.com\/wp-content\/uploads\/2025\/09\/Color-logo-no-background-scaled.png","width":2560,"height":542,"caption":"Platform Expand"},"image":{"@id":"https:\/\/platformexpand.com\/vi\/#\/schema\/logo\/image\/"},"sameAs":["https:\/\/www.facebook.com\/profile.php?id=61580660486352","https:\/\/x.com\/ExpandP89764","https:\/\/www.linkedin.com\/company\/platform-expand-canada"]}]}},"_links":{"self":[{"href":"https:\/\/platformexpand.com\/vi\/wp-json\/wp\/v2\/pages\/2915","targetHints":{"allow":["GET"]}}],"collection":[{"href":"https:\/\/platformexpand.com\/vi\/wp-json\/wp\/v2\/pages"}],"about":[{"href":"https:\/\/platformexpand.com\/vi\/wp-json\/wp\/v2\/types\/page"}],"author":[{"embeddable":true,"href":"https:\/\/platformexpand.com\/vi\/wp-json\/wp\/v2\/users\/1"}],"replies":[{"embeddable":true,"href":"https:\/\/platformexpand.com\/vi\/wp-json\/wp\/v2\/comments?post=2915"}],"version-history":[{"count":12,"href":"https:\/\/platformexpand.com\/vi\/wp-json\/wp\/v2\/pages\/2915\/revisions"}],"predecessor-version":[{"id":3177,"href":"https:\/\/platformexpand.com\/vi\/wp-json\/wp\/v2\/pages\/2915\/revisions\/3177"}],"wp:attachment":[{"href":"https:\/\/platformexpand.com\/vi\/wp-json\/wp\/v2\/media?parent=2915"}],"curies":[{"name":"wp","href":"https:\/\/api.w.org\/{rel}","templated":true}]}}